{"id":307,"date":"2023-10-05T07:31:20","date_gmt":"2023-10-05T05:31:20","guid":{"rendered":"https:\/\/remeteairfly.ro\/kozerdeku-informacio\/"},"modified":"2024-12-19T10:45:03","modified_gmt":"2024-12-19T08:45:03","slug":"kozerdeku-informacio","status":"publish","type":"page","link":"https:\/\/remeteairfly.ro\/hu\/kozerdeku-informacio\/","title":{"rendered":"K\u00d6Z\u00c9RDEK\u0170 INFORM\u00c1CI\u00d3K"},"content":{"rendered":"\t\t<div data-elementor-type=\"wp-page\" data-elementor-id=\"307\" class=\"elementor elementor-307 elementor-291\">\n\t\t\t\t\t\t\t\t\t<section class=\"elementor-section elementor-top-section elementor-element elementor-element-dd23a49 elementor-section-boxed elementor-section-height-default elementor-section-height-default\" data-id=\"dd23a49\" data-element_type=\"section\">\n\t\t\t\t\t\t<div class=\"elementor-container elementor-column-gap-default\">\n\t\t\t\t\t<div class=\"elementor-column elementor-col-100 elementor-top-column elementor-element elementor-element-782b16c\" data-id=\"782b16c\" data-element_type=\"column\">\n\t\t\t<div class=\"elementor-widget-wrap elementor-element-populated\">\n\t\t\t\t\t\t\t\t<div class=\"elementor-element elementor-element-2f8b250 elementor-widget elementor-widget-text-editor\" data-id=\"2f8b250\" data-element_type=\"widget\" data-widget_type=\"text-editor.default\">\n\t\t\t\t<div class=\"elementor-widget-container\">\n\t\t\t<style>\/*! elementor - v3.16.0 - 13-09-2023 *\/\n.elementor-widget-text-editor.elementor-drop-cap-view-stacked .elementor-drop-cap{background-color:#69727d;color:#fff}.elementor-widget-text-editor.elementor-drop-cap-view-framed .elementor-drop-cap{color:#69727d;border:3px solid;background-color:transparent}.elementor-widget-text-editor:not(.elementor-drop-cap-view-default) .elementor-drop-cap{margin-top:8px}.elementor-widget-text-editor:not(.elementor-drop-cap-view-default) .elementor-drop-cap-letter{width:1em;height:1em}.elementor-widget-text-editor .elementor-drop-cap{float:left;text-align:center;line-height:1;font-size:50px}.elementor-widget-text-editor .elementor-drop-cap-letter{display:inline-block}<\/style>\t\t\t\t<p><strong>Bejelent\u00e9s:<\/strong><\/p>\n<p><strong>V\u00e1ltoz\u00e1sok a Remete Airport d\u00edjaiban<\/strong><\/p>\n<p>Szeretn\u00e9nk t\u00e1j\u00e9koztatni a Remete Airport \u00f6sszes felhaszn\u00e1l\u00f3j\u00e1t, hogy 2024.11.15-\u00e9n a rep\u00fcl\u0151t\u00e9r \u00fczemeltet\u0151je a k\u00f6vetkez\u0151k\u00e9ppen d\u00f6nt\u00f6tt a d\u00edjak m\u00f3dos\u00edt\u00e1s\u00e1r\u00f3l:<\/p>\n<p><strong>1.Lesz\u00e1ll\u00e1si d\u00edj<\/strong><\/p>\n<p>&nbsp; &nbsp; MTOW (KG)<\/p>\n<p>&nbsp; &nbsp; &lt; 5.000: 10,00 EURO \/ tonna<\/p>\n<p>&nbsp; &nbsp; &gt;5.000: 6,00 EURO \/ tonna<\/p>\n<p><strong>2.Vil\u00e1g\u00edt\u00e1si d\u00edj<\/strong><\/p>\n<p>&nbsp; &nbsp; &nbsp;NINCS<\/p>\n<p><strong>3.Parkol\u00e1si d\u00edj<\/strong><\/p>\n<p>&nbsp; &nbsp; MTOW (KG)<\/p>\n<p>&nbsp; &nbsp; &lt; 5.000: 0,50 EURO \/ tonna \/ \u00f3ra<\/p>\n<p>&nbsp; &nbsp; &gt;5.000: 0,25 EURO \/ tonna \/ \u00f3ra<\/p>\n<p><strong>4.Utas szolg\u00e1ltat\u00e1sok<\/strong><\/p>\n<p>&nbsp; &nbsp; 5 EURO \/ utas<\/p>\n<p><strong>5.Egy\u00e9b d\u00edjak<\/strong><\/p>\n<p>&nbsp; &nbsp; NINCS<\/p>\n<p><strong>6.Kiv\u00e9telek<\/strong><\/p>\n<p>&nbsp; &nbsp; NINCS<\/p>\n<p><strong>7.Kedvezm\u00e9nyek<\/strong><\/p>\n<p>&nbsp; &nbsp; NINCS<\/p>\n<p>Ezek a v\u00e1ltoz\u00e1sok magukban foglalj\u00e1k a lesz\u00e1ll\u00e1si, parkol\u00e1si \u00e9s utas szolg\u00e1ltat\u00e1si d\u00edjak n\u00f6vel\u00e9s\u00e9t, valamint a biztons\u00e1gi \u00e9s rep\u00fcl\u0151t\u00e9r-fejleszt\u00e9si d\u00edjak elt\u00f6rl\u00e9s\u00e9t.<\/p>\n<p>Ezeket a d\u00edjakat az AIP Romania platformon val\u00f3 k\u00f6zz\u00e9t\u00e9tel\u00fck ut\u00e1n alkalmazz\u00e1k (becs\u00fclt d\u00e1tum: 2025 Janu\u00e1r).<\/p>\n<p>K\u00f6sz\u00f6nj\u00fck meg\u00e9rt\u00e9s\u00fcket \u00e9s egy\u00fcttm\u0171k\u00f6d\u00e9s\u00fcket, mik\u00f6zben ezeket a friss\u00edt\u00e9seket v\u00e9grehajtjuk szolg\u00e1ltat\u00e1saink jav\u00edt\u00e1sa \u00e9rdek\u00e9ben.<\/p>\n<p><strong>A Remetea Airport csapata<\/strong><\/p>\n<p>K\u00f6zz\u00e9t\u00e9ve: 2024.11.22.<\/p>\t\t\t\t\t\t<\/div>\n\t\t\t\t<\/div>\n\t\t\t\t\t<\/div>\n\t\t<\/div>\n\t\t\t\t\t\t\t<\/div>\n\t\t<\/section>\n\t\t\t\t\t\t\t<\/div>\n\t\t","protected":false},"excerpt":{"rendered":"<p>Bejelent\u00e9s: V\u00e1ltoz\u00e1sok a Remete Airport d\u00edjaiban Szeretn\u00e9nk t\u00e1j\u00e9koztatni a Remete Airport \u00f6sszes felhaszn\u00e1l\u00f3j\u00e1t, hogy 2024.11.15-\u00e9n a rep\u00fcl\u0151t\u00e9r \u00fczemeltet\u0151je a k\u00f6vetkez\u0151k\u00e9ppen d\u00f6nt\u00f6tt a d\u00edjak m\u00f3dos\u00edt\u00e1s\u00e1r\u00f3l: 1.Lesz\u00e1ll\u00e1si d\u00edj &nbsp; &nbsp; MTOW (KG) &nbsp; &nbsp; &lt; 5.000: 10,00 EURO \/ tonna &nbsp; &nbsp; &gt;5.000: 6,00 EURO \/ tonna 2.Vil\u00e1g\u00edt\u00e1si d\u00edj &nbsp; &nbsp; &nbsp;NINCS 3.Parkol\u00e1si d\u00edj &nbsp; &nbsp; MTOW &hellip; <\/p>\n<p class=\"link-more\"><a href=\"https:\/\/remeteairfly.ro\/hu\/kozerdeku-informacio\/\" class=\"more-link\">Read more<span class=\"screen-reader-text\"> &#8222;K\u00d6Z\u00c9RDEK\u0170 INFORM\u00c1CI\u00d3K&#8221;<\/span><\/a><\/p>\n","protected":false},"author":4,"featured_media":0,"parent":0,"menu_order":0,"comment_status":"closed","ping_status":"closed","template":"","meta":{"ngg_post_thumbnail":0,"footnotes":""},"featured_media_urls":[],"_links":{"self":[{"href":"https:\/\/remeteairfly.ro\/hu\/wp-json\/wp\/v2\/pages\/307"}],"collection":[{"href":"https:\/\/remeteairfly.ro\/hu\/wp-json\/wp\/v2\/pages"}],"about":[{"href":"https:\/\/remeteairfly.ro\/hu\/wp-json\/wp\/v2\/types\/page"}],"author":[{"embeddable":true,"href":"https:\/\/remeteairfly.ro\/hu\/wp-json\/wp\/v2\/users\/4"}],"replies":[{"embeddable":true,"href":"https:\/\/remeteairfly.ro\/hu\/wp-json\/wp\/v2\/comments?post=307"}],"version-history":[{"count":22,"href":"https:\/\/remeteairfly.ro\/hu\/wp-json\/wp\/v2\/pages\/307\/revisions"}],"predecessor-version":[{"id":488,"href":"https:\/\/remeteairfly.ro\/hu\/wp-json\/wp\/v2\/pages\/307\/revisions\/488"}],"wp:attachment":[{"href":"https:\/\/remeteairfly.ro\/hu\/wp-json\/wp\/v2\/media?parent=307"}],"curies":[{"name":"wp","href":"https:\/\/api.w.org\/{rel}","templated":true}]}}