{"id":256,"date":"2023-09-19T08:50:11","date_gmt":"2023-09-19T06:50:11","guid":{"rendered":"https:\/\/remeteairfly.ro\/arak\/"},"modified":"2025-01-06T10:59:24","modified_gmt":"2025-01-06T08:59:24","slug":"arak","status":"publish","type":"page","link":"https:\/\/remeteairfly.ro\/hu\/arak\/","title":{"rendered":"\u00c1RAK"},"content":{"rendered":"\t\t<div data-elementor-type=\"wp-page\" data-elementor-id=\"256\" class=\"elementor elementor-256 elementor-76\">\n\t\t\t\t\t\t\t\t\t<section class=\"elementor-section elementor-top-section elementor-element elementor-element-411478f9 elementor-section-boxed elementor-section-height-default elementor-section-height-default\" data-id=\"411478f9\" data-element_type=\"section\">\n\t\t\t\t\t\t<div class=\"elementor-container elementor-column-gap-default\">\n\t\t\t\t\t<div class=\"elementor-column elementor-col-100 elementor-top-column elementor-element elementor-element-165c5ea2\" data-id=\"165c5ea2\" data-element_type=\"column\">\n\t\t\t<div class=\"elementor-widget-wrap elementor-element-populated\">\n\t\t\t\t\t\t\t\t<div class=\"elementor-element elementor-element-2064e941 elementor-widget elementor-widget-text-editor\" data-id=\"2064e941\" data-element_type=\"widget\" data-widget_type=\"text-editor.default\">\n\t\t\t\t<div class=\"elementor-widget-container\">\n\t\t\t<style>\/*! elementor - v3.16.0 - 13-09-2023 *\/\n.elementor-widget-text-editor.elementor-drop-cap-view-stacked .elementor-drop-cap{background-color:#69727d;color:#fff}.elementor-widget-text-editor.elementor-drop-cap-view-framed .elementor-drop-cap{color:#69727d;border:3px solid;background-color:transparent}.elementor-widget-text-editor:not(.elementor-drop-cap-view-default) .elementor-drop-cap{margin-top:8px}.elementor-widget-text-editor:not(.elementor-drop-cap-view-default) .elementor-drop-cap-letter{width:1em;height:1em}.elementor-widget-text-editor .elementor-drop-cap{float:left;text-align:center;line-height:1;font-size:50px}.elementor-widget-text-editor .elementor-drop-cap-letter{display:inline-block}<\/style>\t\t\t\t<div class=\"wp-block-media-text is-stacked-on-mobile is-image-fill is-style-rounded\" style=\"grid-template-columns: 33% auto;\"><figure class=\"wp-block-media-text__media\" style=\"background-image: url('http:\/\/remeteairfly.ro\/wp-content\/uploads\/2023\/09\/cropped-remeteairfly-logo2-1.png'); background-position: 50% 50%;\"><img decoding=\"async\" loading=\"lazy\" width=\"500\" height=\"500\" class=\"wp-image-56 size-full\" src=\"http:\/\/remeteairfly.ro\/wp-content\/uploads\/2023\/09\/cropped-remeteairfly-logo2-1.png\" alt=\"\" srcset=\"https:\/\/remeteairfly.ro\/wp-content\/uploads\/2023\/09\/cropped-remeteairfly-logo2-1.png 500w, https:\/\/remeteairfly.ro\/wp-content\/uploads\/2023\/09\/cropped-remeteairfly-logo2-1-300x300.png 300w, https:\/\/remeteairfly.ro\/wp-content\/uploads\/2023\/09\/cropped-remeteairfly-logo2-1-150x150.png 150w\" sizes=\"(max-width: 500px) 100vw, 500px\" \/><\/figure><div class=\"wp-block-media-text__content\"><p><em><strong>Remete rep\u00fcl\u0151t\u00e9r &#8211; LRHR<\/strong><\/em><\/p><\/div><\/div><p class=\"has-text-align-center\"><strong>1. Lesz\u00e1ll\u00e1si d\u00edj<\/strong><\/p><table><tbody><tr><td width=\"204\"><p style=\"text-align: center;\"><strong>MTOW (KG)<\/strong><\/p><\/td><td style=\"text-align: center;\" width=\"198\"><p><strong>EGYS\u00c9G\u00c1R (EURO\/TONNA)<\/strong><\/p><\/td><\/tr><tr><td width=\"204\"><p style=\"text-align: center;\"><strong>&lt; 5.000<\/strong><\/p><\/td><td width=\"198\"><p style=\"text-align: center;\"><strong>10.00<\/strong><\/p><\/td><\/tr><tr><td style=\"text-align: center;\" width=\"204\"><p><strong>&gt; 5.000<\/strong><\/p><\/td><td width=\"198\"><p style=\"text-align: center;\"><strong>6.00<\/strong><\/p><\/td><\/tr><\/tbody><\/table><hr class=\"wp-block-separator has-alpha-channel-opacity is-style-wide\" \/><p class=\"has-text-align-center\"><strong><strong>2. Vil\u00e1g\u00edt\u00e1si d\u00edj<\/strong><\/strong><\/p><p class=\"has-text-align-center\">NIL<\/p><hr class=\"wp-block-separator has-alpha-channel-opacity is-style-wide\" \/><p class=\"has-text-align-center\"><strong><strong>3. Parkol\u00e1si d\u00edj<\/strong><\/strong><\/p><table><tbody><tr><td width=\"204\"><p style=\"text-align: center;\"><strong>MTOW (KG)<\/strong><\/p><\/td><td style=\"text-align: center;\" width=\"198\"><p><strong> EGYS\u00c9G\u00c1R (EURO\/TONNA\/\u00d3RA)<\/strong><\/p><\/td><\/tr><tr><td width=\"204\"><p style=\"text-align: center;\"><strong>&lt; 5.000<\/strong><\/p><\/td><td width=\"198\"><p style=\"text-align: center;\"><strong>0.50<\/strong><\/p><\/td><\/tr><tr><td style=\"text-align: center;\" width=\"204\"><p><strong>&gt; 5.000<\/strong><\/p><\/td><td width=\"198\"><p style=\"text-align: center;\"><strong>0.25<\/strong><\/p><\/td><\/tr><\/tbody><\/table><hr class=\"wp-block-separator has-alpha-channel-opacity is-style-wide\" \/><p class=\"has-text-align-center\"><strong><strong>4. Szem\u00e9lysz\u00e1ll\u00edt\u00e1si szolg\u00e1ltat\u00e1sok<\/strong><\/strong><\/p><p class=\"has-text-align-center\">EGYEDI \u00c1R: 5 EURO\/utas<\/p><hr class=\"wp-block-separator has-alpha-channel-opacity is-style-wide\" \/><p class=\"has-text-align-center\"><strong><strong>5. Egy\u00e9b d\u00edjak<\/strong><\/strong><\/p><p class=\"has-text-align-center\">NIL<\/p><hr class=\"wp-block-separator has-alpha-channel-opacity is-style-wide\" \/><p class=\"has-text-align-center\"><strong><strong>6. Kiv\u00e9telek<\/strong><\/strong><\/p><p class=\"has-text-align-center\">NIL<\/p><hr class=\"wp-block-separator has-alpha-channel-opacity is-style-wide\" \/><p class=\"has-text-align-center\"><strong><strong>7. Kedvezm\u00e9nyek<\/strong><\/strong><\/p><p class=\"has-text-align-center\">NIL<\/p><hr class=\"wp-block-separator has-alpha-channel-opacity is-style-wide\" \/><p><strong>A d\u00edjak alkalmaz\u00e1s\u00e1nak szab\u00e1lyai:<\/strong><\/p><p><strong>A lesz\u00e1ll\u00e1si d\u00edjjal kapcsolatos felt\u00e9telek:<\/strong><br \/>a) A d\u00edjat a l\u00e9gi j\u00e1rm\u0171 maxim\u00e1lis enged\u00e9lyezett felsz\u00e1ll\u00f3s\u00falya alapj\u00e1n sz\u00e1m\u00edtj\u00e1k ki;<br \/>b) Az 500 kg-n\u00e1l kisebb t\u00f6meg\u0171 t\u00f6red\u00e9keket figyelmen k\u00edv\u00fcl hagyjuk, m\u00edg az 500 kg-n\u00e1l nagyobb t\u00f6meg\u0171eket egy tonn\u00e1nak tekintj\u00fck.<br \/>Azokat a rep\u00fcl\u0151g\u00e9peket, amelyek maxim\u00e1lis felsz\u00e1ll\u00e1si t\u00f6mege 500 kg-n\u00e1l kisebb, egy tonn\u00e1s d\u00edjra vonatkoztatjuk;<br \/>c) A d\u00edjszab\u00e1s vonatkozik egy landol\u00e1sra \u00e9s egy felsz\u00e1ll\u00e1sra, \u00e9s jogot ad:<\/p><ul><li>a rep\u00fcl\u0151t\u00e9r l\u00e9tes\u00edtm\u00e9nyeinek \u00e9s felszerel\u00e9seinek haszn\u00e1lat\u00e1ra;<\/li><li>a ter\u00fcletek haszn\u00e1lat\u00e1ra, kiv\u00e9ve a k\u00fcl\u00f6n d\u00edjaland\u00f3 ter\u00fcleteket;<\/li><li>a rep\u00fcl\u0151g\u00e9p parkol\u00e1s\u00e1ra, de legfeljebb k\u00e9t \u00f3r\u00e1val a lesz\u00e1ll\u00e1s ut\u00e1n;<\/li><\/ul><p>d) A d\u00edjszab\u00e1s tartalmazza a rep\u00fcl\u0151t\u00e9r k\u00f6lts\u00e9geit, a rep\u00fcl\u0151teri beruh\u00e1z\u00e1sok \u00e9s a rep\u00fcl\u0151g\u00e9pek mozg\u00e1si ter\u00fcleteinek karbantart\u00e1si munk\u00e1lataihoz kapcsol\u00f3d\u00f3an.<\/p><p><strong>A parkol\u00e1si d\u00edjhoz kapcsol\u00f3d\u00f3 felt\u00e9telek:<\/strong><\/p><p>a) A d\u00edjat a l\u00e9gi j\u00e1rm\u0171 maxim\u00e1lis enged\u00e9lyezett felsz\u00e1ll\u00f3s\u00falya alapj\u00e1n sz\u00e1m\u00edtj\u00e1k ki \u00e9s figyelembe veszik a parkol\u00e1si id\u0151t is;<br \/>b) Az 500 kg-n\u00e1l kisebb t\u00f6meg\u0171 t\u00f6red\u00e9keket figyelmen k\u00edv\u00fcl hagyjuk, m\u00edg az 500 kg-n\u00e1l nagyobb t\u00f6meg\u0171eket egy tonn\u00e1nak tekintj\u00fck.<br \/>Azokat a rep\u00fcl\u0151g\u00e9peket, amelyek maxim\u00e1lis felsz\u00e1ll\u00e1si t\u00f6mege 500 kg-n\u00e1l kisebb, egy tonn\u00e1s d\u00edjra vonatkoztatjuk;<br \/>c) A d\u00edjat minden olyan \u00f3r\u00e1ra vagy az \u00f3ra t\u00f6rt r\u00e9sz\u00e9re sz\u00e1mitj\u00e1k ki, amikor a rep\u00fcl\u0151g\u00e9p a rep\u00fcl\u0151t\u00e9ren parkol, kiv\u00e9ve a lesz\u00e1ll\u00e1st k\u00f6vet\u0151 els\u0151 3 \u00f3r\u00e1t. Az \u00f3ra t\u00f6rt r\u00e9sze 15 percben van meghat\u00e1rozva.<\/p><p><strong>A szem\u00e9lysz\u00e1ll\u00edt\u00e1si szolg\u00e1ltat\u00e1ssal kapcsolatos felt\u00e9telek:<\/strong><br \/>a) A d\u00edjszab\u00e1s minden utasnak felsz\u00e1m\u00edt\u00f3dik, aki felsz\u00e1ll az adott rep\u00fcl\u0151t\u00e9ren, az adott rep\u00fcl\u0151t\u00e9rr\u0151l indulva;<\/p><p>b) A biztons\u00e1gi d\u00edjat a kereskedelmi j\u00e1ratokat \u00fczemeltet\u0151 l\u00e9git\u00e1rsas\u00e1goknak kell kifizetni\u00fck<br \/>minden utas ut\u00e1n, a Rom\u00e1ni\u00e1ban tal\u00e1lhat\u00f3 rep\u00fcl\u0151t\u00e9rr\u0151l felsz\u00e1ll\u00f3k eset\u00e9n;<\/p><p>c) A d\u00edj nem vonatkozik a tranzit\u00fataz\u00f3kra, \u00e1tsz\u00e1ll\u00f3 utasokra \u00e9s a 2 \u00e9vn\u00e9l fiatalabb gyermekekre.<\/p><p><strong>A fejleszt\u00e9si d\u00edjhoz kapcsol\u00f3d\u00f3 felt\u00e9telek:<\/strong><\/p><p>a) A d\u00edjszab\u00e1s minden utasnak felsz\u00e1m\u00edt\u00f3dik, aki felsz\u00e1ll az adott rep\u00fcl\u0151t\u00e9ren, az adott rep\u00fcl\u0151t\u00e9rr\u0151l indulva;<br \/>b) A d\u00edj nem vonatkozik a tranzit\u00fataz\u00f3kra, \u00e1tsz\u00e1ll\u00f3 utasokra \u00e9s a 2 \u00e9vn\u00e9l fiatalabb gyermekekre.<\/p><p><strong>Megjegyz\u00e9s: Az \u00e1rak nem tartalmazz\u00e1k az \u00c1FA-t.<\/strong><\/p>\t\t\t\t\t\t<\/div>\n\t\t\t\t<\/div>\n\t\t\t\t\t<\/div>\n\t\t<\/div>\n\t\t\t\t\t\t\t<\/div>\n\t\t<\/section>\n\t\t\t\t\t\t\t<\/div>\n\t\t","protected":false},"excerpt":{"rendered":"<p>Remete rep\u00fcl\u0151t\u00e9r &#8211; LRHR 1. Lesz\u00e1ll\u00e1si d\u00edj MTOW (KG) EGYS\u00c9G\u00c1R (EURO\/TONNA) &lt; 5.000 10.00 &gt; 5.000 6.00 2. Vil\u00e1g\u00edt\u00e1si d\u00edj NIL 3. Parkol\u00e1si d\u00edj MTOW (KG) EGYS\u00c9G\u00c1R (EURO\/TONNA\/\u00d3RA) &lt; 5.000 0.50 &gt; 5.000 0.25 4. Szem\u00e9lysz\u00e1ll\u00edt\u00e1si szolg\u00e1ltat\u00e1sok EGYEDI \u00c1R: 5 EURO\/utas 5. Egy\u00e9b d\u00edjak NIL 6. Kiv\u00e9telek NIL 7. Kedvezm\u00e9nyek NIL A d\u00edjak alkalmaz\u00e1s\u00e1nak szab\u00e1lyai: &hellip; <\/p>\n<p class=\"link-more\"><a href=\"https:\/\/remeteairfly.ro\/hu\/arak\/\" class=\"more-link\">Read more<span class=\"screen-reader-text\"> &#8222;\u00c1RAK&#8221;<\/span><\/a><\/p>\n","protected":false},"author":4,"featured_media":220,"parent":0,"menu_order":0,"comment_status":"closed","ping_status":"closed","template":"","meta":{"ngg_post_thumbnail":0,"footnotes":""},"featured_media_urls":{"thumbnail":["https:\/\/remeteairfly.ro\/wp-content\/uploads\/2023\/09\/IMG_3832-150x150.jpg",150,150,true],"medium":["https:\/\/remeteairfly.ro\/wp-content\/uploads\/2023\/09\/IMG_3832-300x200.jpg",300,200,true],"medium_large":["https:\/\/remeteairfly.ro\/wp-content\/uploads\/2023\/09\/IMG_3832-768x512.jpg",768,512,true],"large":["https:\/\/remeteairfly.ro\/wp-content\/uploads\/2023\/09\/IMG_3832-1024x683.jpg",950,634,true],"1536x1536":["https:\/\/remeteairfly.ro\/wp-content\/uploads\/2023\/09\/IMG_3832-1536x1024.jpg",1536,1024,true],"2048x2048":["https:\/\/remeteairfly.ro\/wp-content\/uploads\/2023\/09\/IMG_3832-2048x1365.jpg",2048,1365,true],"inspiro-featured-image":["https:\/\/remeteairfly.ro\/wp-content\/uploads\/2023\/09\/IMG_3832-2000x1333.jpg",2000,1333,true],"inspiro-loop":["https:\/\/remeteairfly.ro\/wp-content\/uploads\/2023\/09\/IMG_3832-950x320.jpg",950,320,true],"inspiro-loop@2x":["https:\/\/remeteairfly.ro\/wp-content\/uploads\/2023\/09\/IMG_3832-1900x640.jpg",1900,640,true],"portfolio_item-thumbnail":["https:\/\/remeteairfly.ro\/wp-content\/uploads\/2023\/09\/IMG_3832-600x400.jpg",600,400,true],"portfolio_item-thumbnail@2x":["https:\/\/remeteairfly.ro\/wp-content\/uploads\/2023\/09\/IMG_3832-1200x800.jpg",1200,800,true],"portfolio_item-masonry":["https:\/\/remeteairfly.ro\/wp-content\/uploads\/2023\/09\/IMG_3832-600x400.jpg",600,400,true],"portfolio_item-masonry@2x":["https:\/\/remeteairfly.ro\/wp-content\/uploads\/2023\/09\/IMG_3832-1200x800.jpg",1200,800,true],"portfolio_item-thumbnail_cinema":["https:\/\/remeteairfly.ro\/wp-content\/uploads\/2023\/09\/IMG_3832-800x335.jpg",800,335,true],"portfolio_item-thumbnail_portrait":["https:\/\/remeteairfly.ro\/wp-content\/uploads\/2023\/09\/IMG_3832-600x900.jpg",600,900,true],"portfolio_item-thumbnail_portrait@2x":["https:\/\/remeteairfly.ro\/wp-content\/uploads\/2023\/09\/IMG_3832-1200x1800.jpg",1200,1800,true],"portfolio_item-thumbnail_square":["https:\/\/remeteairfly.ro\/wp-content\/uploads\/2023\/09\/IMG_3832-800x800.jpg",800,800,true]},"_links":{"self":[{"href":"https:\/\/remeteairfly.ro\/hu\/wp-json\/wp\/v2\/pages\/256"}],"collection":[{"href":"https:\/\/remeteairfly.ro\/hu\/wp-json\/wp\/v2\/pages"}],"about":[{"href":"https:\/\/remeteairfly.ro\/hu\/wp-json\/wp\/v2\/types\/page"}],"author":[{"embeddable":true,"href":"https:\/\/remeteairfly.ro\/hu\/wp-json\/wp\/v2\/users\/4"}],"replies":[{"embeddable":true,"href":"https:\/\/remeteairfly.ro\/hu\/wp-json\/wp\/v2\/comments?post=256"}],"version-history":[{"count":16,"href":"https:\/\/remeteairfly.ro\/hu\/wp-json\/wp\/v2\/pages\/256\/revisions"}],"predecessor-version":[{"id":574,"href":"https:\/\/remeteairfly.ro\/hu\/wp-json\/wp\/v2\/pages\/256\/revisions\/574"}],"wp:featuredmedia":[{"embeddable":true,"href":"https:\/\/remeteairfly.ro\/hu\/wp-json\/wp\/v2\/media\/220"}],"wp:attachment":[{"href":"https:\/\/remeteairfly.ro\/hu\/wp-json\/wp\/v2\/media?parent=256"}],"curies":[{"name":"wp","href":"https:\/\/api.w.org\/{rel}","templated":true}]}}