{"id":254,"date":"2023-09-19T08:29:07","date_gmt":"2023-09-19T06:29:07","guid":{"rendered":"https:\/\/remeteairfly.ro\/a-oldalrol-2\/"},"modified":"2024-11-27T12:30:30","modified_gmt":"2024-11-27T10:30:30","slug":"a-oldalrol-2","status":"publish","type":"page","link":"https:\/\/remeteairfly.ro\/hu\/a-oldalrol-2\/","title":{"rendered":"R\u00d3LUNK"},"content":{"rendered":"\t\t<div data-elementor-type=\"wp-page\" data-elementor-id=\"254\" class=\"elementor elementor-254 elementor-63\">\n\t\t\t\t\t\t\t\t\t<section class=\"elementor-section elementor-top-section elementor-element elementor-element-4fb405d0 elementor-section-boxed elementor-section-height-default elementor-section-height-default\" data-id=\"4fb405d0\" data-element_type=\"section\">\n\t\t\t\t\t\t<div class=\"elementor-container elementor-column-gap-default\">\n\t\t\t\t\t<div class=\"elementor-column elementor-col-100 elementor-top-column elementor-element elementor-element-62861e1f\" data-id=\"62861e1f\" data-element_type=\"column\">\n\t\t\t<div class=\"elementor-widget-wrap elementor-element-populated\">\n\t\t\t\t\t\t\t\t<div class=\"elementor-element elementor-element-54f09c28 elementor-widget elementor-widget-text-editor\" data-id=\"54f09c28\" data-element_type=\"widget\" data-widget_type=\"text-editor.default\">\n\t\t\t\t<div class=\"elementor-widget-container\">\n\t\t\t<style>\/*! elementor - v3.16.0 - 13-09-2023 *\/\n.elementor-widget-text-editor.elementor-drop-cap-view-stacked .elementor-drop-cap{background-color:#69727d;color:#fff}.elementor-widget-text-editor.elementor-drop-cap-view-framed .elementor-drop-cap{color:#69727d;border:3px solid;background-color:transparent}.elementor-widget-text-editor:not(.elementor-drop-cap-view-default) .elementor-drop-cap{margin-top:8px}.elementor-widget-text-editor:not(.elementor-drop-cap-view-default) .elementor-drop-cap-letter{width:1em;height:1em}.elementor-widget-text-editor .elementor-drop-cap{float:left;text-align:center;line-height:1;font-size:50px}.elementor-widget-text-editor .elementor-drop-cap-letter{display:inline-block}<\/style>\t\t\t\t\n<p><strong>\u00dcdv\u00f6z\u00f6lj\u00fck a Remete Rep\u00fcl\u0151t\u00e9r weboldal\u00e1n!<\/strong><\/p>\n<p><strong>Rep\u00fcl\u0151t\u00e9r bemutat\u00e1sa:<\/strong><\/p>\n<p>A Remete Rep\u00fcl\u0151t\u00e9r Gyergy\u00f3remete k\u00f6zs\u00e9g k\u00fclter\u00fclet\u00e9n tal\u00e1lhat\u00f3, Hargita megy\u00e9ben, a k\u00f6zs\u00e9g \u00e9szaki r\u00e9sz\u00e9n.<\/p>\n<p>A ter\u00fclet megk\u00f6zel\u00edt\u00e9se a DE 581-es \u00fatr\u00f3l, a Hegyesemberf\u0151 utc\u00e1n kereszt\u00fcl t\u00f6rt\u00e9nik. A rep\u00fcl\u0151t\u00e9r Gyergy\u00f3remete k\u00f6zs\u00e9g k\u00f6zpontj\u00e1t\u00f3l 5 km-re tal\u00e1lhat\u00f3.<\/p>\n<p>A rep\u00fcl\u0151t\u00e9r koordin\u00e1t\u00e1i a WGS 84 rendszerben: 46\u00b049\u201909\u201d \u00e9szaki sz\u00e9less\u00e9g \u00e9s 025\u00b024\u201942\u201d keleti hossz\u00fas\u00e1g. A rep\u00fcl\u0151t\u00e9r magass\u00e1ga 765,84 m\u00e9ter (2513 l\u00e1b).<\/p>\n<p>A kifut\u00f3p\u00e1lya hossza 1100 m, sz\u00e9less\u00e9ge 30 m, \u00e9s betonb\u00f3l k\u00e9sz\u00fclt. A kifut\u00f3p\u00e1lya nyugati ir\u00e1ny\u00fa meghosszabb\u00edt\u00e1s\u00e1ban tal\u00e1lhat\u00f3 az Alfa gurul\u00f3\u00fat, amely 500 m hossz\u00fa.<\/p>\n<p><strong>A rep\u00fcl\u0151t\u00e9ren v\u00e9gezhet\u0151 rep\u00fcl\u00e9st\u00edpusok:<\/strong><\/p>\n<p>L\u00e1t\u00e1s szerinti rep\u00fcl\u00e9s (VFR), el\u0151zetes id\u0151pont-egyeztet\u00e9s alapj\u00e1n, legal\u00e1bb 24 \u00f3r\u00e1val a rep\u00fcl\u00e9s el\u0151tt.<\/p>\n<p>A kifut\u00f3p\u00e1lya kisebb mag\u00e1nrep\u00fcl\u0151g\u00e9pek, valamint 30-50 f\u00e9r\u0151helyes utassz\u00e1ll\u00edt\u00f3 rep\u00fcl\u0151g\u00e9pek (pl. ATR 42 t\u00edpus\u00fa rep\u00fcl\u0151g\u00e9pek) sz\u00e1m\u00e1ra is haszn\u00e1lhat\u00f3.<\/p>\n<p><strong>J\u00f6v\u0151beli tervek:<\/strong><\/p>\n<p>A k\u00f6zelj\u00f6v\u0151ben infrastruktur\u00e1lis beruh\u00e1z\u00e1sokra ker\u00fcl sor, bele\u00e9rtve a hang\u00e1r, az utastermin\u00e1l \u00e9s egy\u00e9b, a rep\u00fcl\u0151g\u00e9pek \u00fczemeltet\u00e9s\u00e9hez sz\u00fcks\u00e9ges l\u00e9tes\u00edtm\u00e9nyek \u00e9p\u00edt\u00e9s\u00e9t.<\/p>\n\n<figure class=\"wp-block-image size-large\"><img decoding=\"async\" loading=\"lazy\" width=\"1024\" height=\"683\" class=\"wp-image-65\" src=\"http:\/\/remeteairfly.ro\/wp-content\/uploads\/2023\/09\/IMG_1333-1024x683.jpg\" alt=\"\" srcset=\"https:\/\/remeteairfly.ro\/wp-content\/uploads\/2023\/09\/IMG_1333-1024x683.jpg 1024w, https:\/\/remeteairfly.ro\/wp-content\/uploads\/2023\/09\/IMG_1333-300x200.jpg 300w, https:\/\/remeteairfly.ro\/wp-content\/uploads\/2023\/09\/IMG_1333-768x512.jpg 768w, https:\/\/remeteairfly.ro\/wp-content\/uploads\/2023\/09\/IMG_1333-1536x1024.jpg 1536w, https:\/\/remeteairfly.ro\/wp-content\/uploads\/2023\/09\/IMG_1333-2048x1365.jpg 2048w, https:\/\/remeteairfly.ro\/wp-content\/uploads\/2023\/09\/IMG_1333-2000x1333.jpg 2000w, https:\/\/remeteairfly.ro\/wp-content\/uploads\/2023\/09\/IMG_1333-600x400.jpg 600w, https:\/\/remeteairfly.ro\/wp-content\/uploads\/2023\/09\/IMG_1333-1200x800.jpg 1200w\" sizes=\"(max-width: 1024px) 100vw, 1024px\" \/><\/figure>\n\t\t\t\t\t\t<\/div>\n\t\t\t\t<\/div>\n\t\t\t\t\t<\/div>\n\t\t<\/div>\n\t\t\t\t\t\t\t<\/div>\n\t\t<\/section>\n\t\t\t\t\t\t\t<\/div>\n\t\t","protected":false},"excerpt":{"rendered":"<p>\u00dcdv\u00f6z\u00f6lj\u00fck a Remete Rep\u00fcl\u0151t\u00e9r weboldal\u00e1n! Rep\u00fcl\u0151t\u00e9r bemutat\u00e1sa: A Remete Rep\u00fcl\u0151t\u00e9r Gyergy\u00f3remete k\u00f6zs\u00e9g k\u00fclter\u00fclet\u00e9n tal\u00e1lhat\u00f3, Hargita megy\u00e9ben, a k\u00f6zs\u00e9g \u00e9szaki r\u00e9sz\u00e9n. A ter\u00fclet megk\u00f6zel\u00edt\u00e9se a DE 581-es \u00fatr\u00f3l, a Hegyesemberf\u0151 utc\u00e1n kereszt\u00fcl t\u00f6rt\u00e9nik. A rep\u00fcl\u0151t\u00e9r Gyergy\u00f3remete k\u00f6zs\u00e9g k\u00f6zpontj\u00e1t\u00f3l 5 km-re tal\u00e1lhat\u00f3. A rep\u00fcl\u0151t\u00e9r koordin\u00e1t\u00e1i a WGS 84 rendszerben: 46\u00b049\u201909\u201d \u00e9szaki sz\u00e9less\u00e9g \u00e9s 025\u00b024\u201942\u201d keleti hossz\u00fas\u00e1g. A &hellip; <\/p>\n<p class=\"link-more\"><a href=\"https:\/\/remeteairfly.ro\/hu\/a-oldalrol-2\/\" class=\"more-link\">Read more<span class=\"screen-reader-text\"> &#8222;R\u00d3LUNK&#8221;<\/span><\/a><\/p>\n","protected":false},"author":4,"featured_media":216,"parent":0,"menu_order":0,"comment_status":"closed","ping_status":"closed","template":"","meta":{"ngg_post_thumbnail":0,"footnotes":""},"featured_media_urls":{"thumbnail":["https:\/\/remeteairfly.ro\/wp-content\/uploads\/2023\/09\/IMG_3663-150x150.jpg",150,150,true],"medium":["https:\/\/remeteairfly.ro\/wp-content\/uploads\/2023\/09\/IMG_3663-300x200.jpg",300,200,true],"medium_large":["https:\/\/remeteairfly.ro\/wp-content\/uploads\/2023\/09\/IMG_3663-768x512.jpg",768,512,true],"large":["https:\/\/remeteairfly.ro\/wp-content\/uploads\/2023\/09\/IMG_3663-1024x683.jpg",950,634,true],"1536x1536":["https:\/\/remeteairfly.ro\/wp-content\/uploads\/2023\/09\/IMG_3663-1536x1024.jpg",1536,1024,true],"2048x2048":["https:\/\/remeteairfly.ro\/wp-content\/uploads\/2023\/09\/IMG_3663-2048x1365.jpg",2048,1365,true],"inspiro-featured-image":["https:\/\/remeteairfly.ro\/wp-content\/uploads\/2023\/09\/IMG_3663-2000x1333.jpg",2000,1333,true],"inspiro-loop":["https:\/\/remeteairfly.ro\/wp-content\/uploads\/2023\/09\/IMG_3663-950x320.jpg",950,320,true],"inspiro-loop@2x":["https:\/\/remeteairfly.ro\/wp-content\/uploads\/2023\/09\/IMG_3663-1900x640.jpg",1900,640,true],"portfolio_item-thumbnail":["https:\/\/remeteairfly.ro\/wp-content\/uploads\/2023\/09\/IMG_3663-600x400.jpg",600,400,true],"portfolio_item-thumbnail@2x":["https:\/\/remeteairfly.ro\/wp-content\/uploads\/2023\/09\/IMG_3663-1200x800.jpg",1200,800,true],"portfolio_item-masonry":["https:\/\/remeteairfly.ro\/wp-content\/uploads\/2023\/09\/IMG_3663-600x400.jpg",600,400,true],"portfolio_item-masonry@2x":["https:\/\/remeteairfly.ro\/wp-content\/uploads\/2023\/09\/IMG_3663-1200x800.jpg",1200,800,true],"portfolio_item-thumbnail_cinema":["https:\/\/remeteairfly.ro\/wp-content\/uploads\/2023\/09\/IMG_3663-800x335.jpg",800,335,true],"portfolio_item-thumbnail_portrait":["https:\/\/remeteairfly.ro\/wp-content\/uploads\/2023\/09\/IMG_3663-600x900.jpg",600,900,true],"portfolio_item-thumbnail_portrait@2x":["https:\/\/remeteairfly.ro\/wp-content\/uploads\/2023\/09\/IMG_3663-1200x1800.jpg",1200,1800,true],"portfolio_item-thumbnail_square":["https:\/\/remeteairfly.ro\/wp-content\/uploads\/2023\/09\/IMG_3663-800x800.jpg",800,800,true]},"_links":{"self":[{"href":"https:\/\/remeteairfly.ro\/hu\/wp-json\/wp\/v2\/pages\/254"}],"collection":[{"href":"https:\/\/remeteairfly.ro\/hu\/wp-json\/wp\/v2\/pages"}],"about":[{"href":"https:\/\/remeteairfly.ro\/hu\/wp-json\/wp\/v2\/types\/page"}],"author":[{"embeddable":true,"href":"https:\/\/remeteairfly.ro\/hu\/wp-json\/wp\/v2\/users\/4"}],"replies":[{"embeddable":true,"href":"https:\/\/remeteairfly.ro\/hu\/wp-json\/wp\/v2\/comments?post=254"}],"version-history":[{"count":21,"href":"https:\/\/remeteairfly.ro\/hu\/wp-json\/wp\/v2\/pages\/254\/revisions"}],"predecessor-version":[{"id":437,"href":"https:\/\/remeteairfly.ro\/hu\/wp-json\/wp\/v2\/pages\/254\/revisions\/437"}],"wp:featuredmedia":[{"embeddable":true,"href":"https:\/\/remeteairfly.ro\/hu\/wp-json\/wp\/v2\/media\/216"}],"wp:attachment":[{"href":"https:\/\/remeteairfly.ro\/hu\/wp-json\/wp\/v2\/media?parent=254"}],"curies":[{"name":"wp","href":"https:\/\/api.w.org\/{rel}","templated":true}]}}